{"id":582,"date":"2023-09-04T11:12:37","date_gmt":"2023-09-04T11:12:37","guid":{"rendered":"https:\/\/doggierehab.dk\/?post_type=product&#038;p=582"},"modified":"2023-09-07T15:47:41","modified_gmt":"2023-09-07T15:47:41","slug":"rally-line-1-40","status":"publish","type":"product","link":"https:\/\/doggierehab.dk\/index.php\/vare\/rally-line-1-40\/","title":{"rendered":"Rally line 1.40"},"content":{"rendered":"<p>Rally line lavet specielt til form\u00e5let i l\u00e6ngden. En line der ikke m\u00e5 v\u00e6re for lang.<\/p>\n<p>10 mm tykkelse line &#8211; kan ogs\u00e5 laves i 8 mm, eller 6 mm.<\/p>\n<p>Kontakt mig for \u00f8nsker om farve.<\/p>\n<p>&nbsp;<\/p>\n","protected":false},"excerpt":{"rendered":"<p>Rally line lavet specielt til form\u00e5let i l\u00e6ngden. En line der ikke m\u00e5 v\u00e6re for lang. 10 mm tykkelse line &#8211; kan ogs\u00e5 laves i 8 mm, eller 6 mm. Kontakt mig for \u00f8nsker om farve. &nbsp;<\/p>\n","protected":false},"featured_media":585,"comment_status":"open","ping_status":"closed","template":"","meta":[],"product_brand":[],"product_cat":[32],"product_tag":[81,29,80],"class_list":{"0":"post-582","1":"product","2":"type-product","3":"status-publish","4":"has-post-thumbnail","6":"product_cat-tilbehoer","7":"product_tag-1-40","8":"product_tag-line","9":"product_tag-rally","11":"first","12":"instock","13":"taxable","14":"shipping-taxable","15":"purchasable","16":"product-type-simple"},"jetpack_sharing_enabled":true,"_links":{"self":[{"href":"https:\/\/doggierehab.dk\/index.php\/wp-json\/wp\/v2\/product\/582","targetHints":{"allow":["GET"]}}],"collection":[{"href":"https:\/\/doggierehab.dk\/index.php\/wp-json\/wp\/v2\/product"}],"about":[{"href":"https:\/\/doggierehab.dk\/index.php\/wp-json\/wp\/v2\/types\/product"}],"replies":[{"embeddable":true,"href":"https:\/\/doggierehab.dk\/index.php\/wp-json\/wp\/v2\/comments?post=582"}],"wp:featuredmedia":[{"embeddable":true,"href":"https:\/\/doggierehab.dk\/index.php\/wp-json\/wp\/v2\/media\/585"}],"wp:attachment":[{"href":"https:\/\/doggierehab.dk\/index.php\/wp-json\/wp\/v2\/media?parent=582"}],"wp:term":[{"taxonomy":"product_brand","embeddable":true,"href":"https:\/\/doggierehab.dk\/index.php\/wp-json\/wp\/v2\/product_brand?post=582"},{"taxonomy":"product_cat","embeddable":true,"href":"https:\/\/doggierehab.dk\/index.php\/wp-json\/wp\/v2\/product_cat?post=582"},{"taxonomy":"product_tag","embeddable":true,"href":"https:\/\/doggierehab.dk\/index.php\/wp-json\/wp\/v2\/product_tag?post=582"}],"curies":[{"name":"wp","href":"https:\/\/api.w.org\/{rel}","templated":true}]}}