{"id":419,"date":"2022-12-11T12:03:13","date_gmt":"2022-12-11T12:03:13","guid":{"rendered":"https:\/\/doggierehab.dk\/?post_type=product&#038;p=419"},"modified":"2022-12-11T12:06:45","modified_gmt":"2022-12-11T12:06:45","slug":"line-2-meter-2","status":"publish","type":"product","link":"https:\/\/doggierehab.dk\/index.php\/vare\/line-2-meter-2\/","title":{"rendered":"Line 2 meter"},"content":{"rendered":"<p>Man kan k\u00f8be en line i flere farver og ser du ikke en farve du \u00f8nsker, s\u00e5 hold dig ikke tilbage i forhold til at foresp\u00f8rge p\u00e5 lige netop den farve du \u00f8nsker og det samme g\u00e6lder l\u00e6ngde og tykkelse. Her er det 6 mm tykkelse og velegnet til hvalpe da den ikke er tung. Jeg vil fors\u00f8ge at tilgodese mine kunders behov og derfor l\u00e6gger jeg ikke en masse op.<\/p>\n","protected":false},"excerpt":{"rendered":"<p>Man kan k\u00f8be en line i flere farver og ser du ikke en farve du \u00f8nsker, s\u00e5 hold dig ikke tilbage i forhold til at foresp\u00f8rge p\u00e5 lige netop den farve du \u00f8nsker og det samme g\u00e6lder l\u00e6ngde og tykkelse. Her er det 6 mm tykkelse og velegnet til hvalpe da den ikke er tung. &hellip; <\/p>\n","protected":false},"featured_media":420,"comment_status":"open","ping_status":"closed","template":"","meta":[],"product_brand":[],"product_cat":[32],"product_tag":[],"class_list":{"0":"post-419","1":"product","2":"type-product","3":"status-publish","4":"has-post-thumbnail","6":"product_cat-tilbehoer","8":"first","9":"instock","10":"taxable","11":"shipping-taxable","12":"purchasable","13":"product-type-simple"},"jetpack_sharing_enabled":true,"_links":{"self":[{"href":"https:\/\/doggierehab.dk\/index.php\/wp-json\/wp\/v2\/product\/419","targetHints":{"allow":["GET"]}}],"collection":[{"href":"https:\/\/doggierehab.dk\/index.php\/wp-json\/wp\/v2\/product"}],"about":[{"href":"https:\/\/doggierehab.dk\/index.php\/wp-json\/wp\/v2\/types\/product"}],"replies":[{"embeddable":true,"href":"https:\/\/doggierehab.dk\/index.php\/wp-json\/wp\/v2\/comments?post=419"}],"wp:featuredmedia":[{"embeddable":true,"href":"https:\/\/doggierehab.dk\/index.php\/wp-json\/wp\/v2\/media\/420"}],"wp:attachment":[{"href":"https:\/\/doggierehab.dk\/index.php\/wp-json\/wp\/v2\/media?parent=419"}],"wp:term":[{"taxonomy":"product_brand","embeddable":true,"href":"https:\/\/doggierehab.dk\/index.php\/wp-json\/wp\/v2\/product_brand?post=419"},{"taxonomy":"product_cat","embeddable":true,"href":"https:\/\/doggierehab.dk\/index.php\/wp-json\/wp\/v2\/product_cat?post=419"},{"taxonomy":"product_tag","embeddable":true,"href":"https:\/\/doggierehab.dk\/index.php\/wp-json\/wp\/v2\/product_tag?post=419"}],"curies":[{"name":"wp","href":"https:\/\/api.w.org\/{rel}","templated":true}]}}