{"id":362,"date":"2022-10-15T17:41:30","date_gmt":"2022-10-15T17:41:30","guid":{"rendered":"https:\/\/doggierehab.dk\/?post_type=product&#038;p=362"},"modified":"2022-10-15T19:41:19","modified_gmt":"2022-10-15T19:41:19","slug":"line-2-meter","status":"publish","type":"product","link":"https:\/\/doggierehab.dk\/index.php\/vare\/line-2-meter\/","title":{"rendered":"Line 2 meter"},"content":{"rendered":"<p>Linen er 2 meter lang og 10 mm i tykkelse. Den er lavet s\u00e5 den kan bruges i tr\u00e6ning for mellemstore til store hunde.<\/p>\n<p>Jeg laver dem p\u00e5 bestilling, s\u00e5 forvent en ekstra dag i levering.<\/p>\n","protected":false},"excerpt":{"rendered":"<p>Linen er 2 meter lang og 10 mm i tykkelse. Den er lavet s\u00e5 den kan bruges i tr\u00e6ning for mellemstore til store hunde. Jeg laver dem p\u00e5 bestilling, s\u00e5 forvent en ekstra dag i levering.<\/p>\n","protected":false},"featured_media":363,"comment_status":"open","ping_status":"closed","template":"","meta":[],"product_brand":[],"product_cat":[32],"product_tag":[43],"class_list":{"0":"post-362","1":"product","2":"type-product","3":"status-publish","4":"has-post-thumbnail","6":"product_cat-tilbehoer","7":"product_tag-line-2-meter","9":"first","10":"instock","11":"taxable","12":"shipping-taxable","13":"purchasable","14":"product-type-simple"},"jetpack_sharing_enabled":true,"_links":{"self":[{"href":"https:\/\/doggierehab.dk\/index.php\/wp-json\/wp\/v2\/product\/362","targetHints":{"allow":["GET"]}}],"collection":[{"href":"https:\/\/doggierehab.dk\/index.php\/wp-json\/wp\/v2\/product"}],"about":[{"href":"https:\/\/doggierehab.dk\/index.php\/wp-json\/wp\/v2\/types\/product"}],"replies":[{"embeddable":true,"href":"https:\/\/doggierehab.dk\/index.php\/wp-json\/wp\/v2\/comments?post=362"}],"wp:featuredmedia":[{"embeddable":true,"href":"https:\/\/doggierehab.dk\/index.php\/wp-json\/wp\/v2\/media\/363"}],"wp:attachment":[{"href":"https:\/\/doggierehab.dk\/index.php\/wp-json\/wp\/v2\/media?parent=362"}],"wp:term":[{"taxonomy":"product_brand","embeddable":true,"href":"https:\/\/doggierehab.dk\/index.php\/wp-json\/wp\/v2\/product_brand?post=362"},{"taxonomy":"product_cat","embeddable":true,"href":"https:\/\/doggierehab.dk\/index.php\/wp-json\/wp\/v2\/product_cat?post=362"},{"taxonomy":"product_tag","embeddable":true,"href":"https:\/\/doggierehab.dk\/index.php\/wp-json\/wp\/v2\/product_tag?post=362"}],"curies":[{"name":"wp","href":"https:\/\/api.w.org\/{rel}","templated":true}]}}