{"id":107,"date":"2022-09-24T07:49:50","date_gmt":"2022-09-24T07:49:50","guid":{"rendered":"https:\/\/doggierehab.dk\/?post_type=product&#038;p=107"},"modified":"2022-10-15T11:41:45","modified_gmt":"2022-10-15T11:41:45","slug":"liner","status":"publish","type":"product","link":"https:\/\/doggierehab.dk\/index.php\/vare\/liner\/","title":{"rendered":"Line 2 meter"},"content":{"rendered":"<p>Beskrivelse:<\/p>\n<p>En line p\u00e5 2 meter er rigtig god til tr\u00e6ning af din hund. Tykkelse 6 mm. Jeg har fokus p\u00e5 v\u00e6gt og at der ikke skal v\u00e6re en masse muligheder med linen. Det er en tr\u00e6ningsline, let og kan selvf\u00f8lgelig k\u00f8bes i forskellige farver som vil komme p\u00e5 hjemmesiden l\u00f8bende.<\/p>\n<p>&nbsp;<\/p>\n","protected":false},"excerpt":{"rendered":"<p>Beskrivelse: En line p\u00e5 2 meter er rigtig god til tr\u00e6ning af din hund. Tykkelse 6 mm. Jeg har fokus p\u00e5 v\u00e6gt og at der ikke skal v\u00e6re en masse muligheder med linen. Det er en tr\u00e6ningsline, let og kan selvf\u00f8lgelig k\u00f8bes i forskellige farver som vil komme p\u00e5 hjemmesiden l\u00f8bende. &nbsp;<\/p>\n","protected":false},"featured_media":108,"comment_status":"open","ping_status":"closed","template":"","meta":[],"product_brand":[],"product_cat":[32],"product_tag":[31,30,29],"class_list":{"0":"post-107","1":"product","2":"type-product","3":"status-publish","4":"has-post-thumbnail","6":"product_cat-tilbehoer","7":"product_tag-2-meter","8":"product_tag-let","9":"product_tag-line","11":"first","12":"instock","13":"taxable","14":"shipping-taxable","15":"purchasable","16":"product-type-simple"},"jetpack_sharing_enabled":true,"_links":{"self":[{"href":"https:\/\/doggierehab.dk\/index.php\/wp-json\/wp\/v2\/product\/107","targetHints":{"allow":["GET"]}}],"collection":[{"href":"https:\/\/doggierehab.dk\/index.php\/wp-json\/wp\/v2\/product"}],"about":[{"href":"https:\/\/doggierehab.dk\/index.php\/wp-json\/wp\/v2\/types\/product"}],"replies":[{"embeddable":true,"href":"https:\/\/doggierehab.dk\/index.php\/wp-json\/wp\/v2\/comments?post=107"}],"wp:featuredmedia":[{"embeddable":true,"href":"https:\/\/doggierehab.dk\/index.php\/wp-json\/wp\/v2\/media\/108"}],"wp:attachment":[{"href":"https:\/\/doggierehab.dk\/index.php\/wp-json\/wp\/v2\/media?parent=107"}],"wp:term":[{"taxonomy":"product_brand","embeddable":true,"href":"https:\/\/doggierehab.dk\/index.php\/wp-json\/wp\/v2\/product_brand?post=107"},{"taxonomy":"product_cat","embeddable":true,"href":"https:\/\/doggierehab.dk\/index.php\/wp-json\/wp\/v2\/product_cat?post=107"},{"taxonomy":"product_tag","embeddable":true,"href":"https:\/\/doggierehab.dk\/index.php\/wp-json\/wp\/v2\/product_tag?post=107"}],"curies":[{"name":"wp","href":"https:\/\/api.w.org\/{rel}","templated":true}]}}