{"id":94,"date":"2022-09-23T12:27:38","date_gmt":"2022-09-23T12:27:38","guid":{"rendered":"https:\/\/doggierehab.dk\/?page_id=94"},"modified":"2022-09-27T19:06:21","modified_gmt":"2022-09-27T19:06:21","slug":"kst","status":"publish","type":"page","link":"https:\/\/doggierehab.dk\/index.php\/kst\/","title":{"rendered":"KST"},"content":{"rendered":"<div class=\"wp-block-image\">\n<figure class=\"alignleft size-full is-resized\"><img loading=\"lazy\" decoding=\"async\" src=\"https:\/\/doggierehab.dk\/wp-content\/uploads\/2022\/09\/1288_001.jpg\" alt=\"\" class=\"wp-image-152\" width=\"225\" height=\"318\" srcset=\"https:\/\/doggierehab.dk\/wp-content\/uploads\/2022\/09\/1288_001.jpg 596w, https:\/\/doggierehab.dk\/wp-content\/uploads\/2022\/09\/1288_001-212x300.jpg 212w\" sizes=\"auto, (max-width: 225px) 100vw, 225px\" \/><\/figure>\n<\/div>\n\n\n<h5 class=\"wp-block-heading\"><\/h5>\n\n\n<div class=\"wp-block-image\">\n<figure class=\"alignleft is-resized\"><img loading=\"lazy\" decoding=\"async\" src=\"https:\/\/doggierehab.dk\/wp-content\/uploads\/2022\/09\/306745051_10226613282851752_1085429069847503307_n-577x1024.jpg\" alt=\"\" class=\"wp-image-83\" width=\"221\" height=\"393\" srcset=\"https:\/\/doggierehab.dk\/wp-content\/uploads\/2022\/09\/306745051_10226613282851752_1085429069847503307_n-577x1024.jpg 577w, https:\/\/doggierehab.dk\/wp-content\/uploads\/2022\/09\/306745051_10226613282851752_1085429069847503307_n-600x1065.jpg 600w, https:\/\/doggierehab.dk\/wp-content\/uploads\/2022\/09\/306745051_10226613282851752_1085429069847503307_n-169x300.jpg 169w, https:\/\/doggierehab.dk\/wp-content\/uploads\/2022\/09\/306745051_10226613282851752_1085429069847503307_n-768x1363.jpg 768w, https:\/\/doggierehab.dk\/wp-content\/uploads\/2022\/09\/306745051_10226613282851752_1085429069847503307_n-866x1536.jpg 866w, https:\/\/doggierehab.dk\/wp-content\/uploads\/2022\/09\/306745051_10226613282851752_1085429069847503307_n.jpg 1154w\" sizes=\"auto, (max-width: 221px) 100vw, 221px\" \/><figcaption>Eksempel p\u00e5 en af de teknikker bag KST<\/figcaption><\/figure>\n<\/div>\n\n\n<p>KST er en blid og dybdeg\u00e5ende behandlingsform. Ved en Kranio-Sakral Terapi behandling af hunde arbejder jeg med b\u00e5de nervesystem, bindev\u00e6v, organer, knogler, muskler og led. Alt h\u00e6nger sammen. Ubalancer et sted har p\u00e5virkning andre steder i kroppen.<\/p>\n\n\n\n<h2 class=\"wp-block-heading\">Kranio-Sakral Terapiens generelle Historie<\/h2>\n\n\n\n<p>Kranio-Sakral Terapi udspringer fra osteopatien og blev f\u00f8rst beskrevet af den amerikanske osteopat og l\u00e6ge William Sutherland omkring 1920. Det var William Sutherland, der fik dokumenteret, at der er bev\u00e6gelighed mellem kranieknoglerne. Op igennem det 20. \u00e5rhundrede arbejdede f\u00f8rst Sutherland og siden hans elever videre med disse opdagelser og skabte teknikker der blev en del af den osteopatiske behandlingsform.<\/p>\n\n\n\n<p>Det er ogs\u00e5 mit n\u00e6ste spring at tage hele funktionel osteopat uddannelse for hunde, n\u00e5r jeg ved hvilket hold jeg kan deltage p\u00e5 og energikrisen tillader mig at forts\u00e6tte. Det er en l\u00e6ngere varende uddannelse p\u00e5 master niveau. Jeg kommer til at tage det i England&nbsp;<\/p>\n\n\n\n<p>Men indtil jeg n\u00e5r dertil, s\u00e5 er KST jo teknikker der har udspring i osteopatien og jeg vil bruge disse hvor det giver mening.<\/p>\n\n\n\n<p>Har din hund:<\/p>\n\n\n\n<ul class=\"wp-block-list\"><li>stramt bindev\u00e6v<\/li><li>ubalancer<\/li><li>muskelsp\u00e6ndinger<\/li><li>bare er generelt urolig<\/li><li>stresset<\/li><li>generelle udfordringer i bev\u00e6gelse apperatet<\/li><\/ul>\n\n\n\n<p>S\u00e5 er mange af disse udfordringer gode at afhj\u00e6lpe med KST.<\/p>\n","protected":false},"excerpt":{"rendered":"<p>KST er en blid og dybdeg\u00e5ende behandlingsform. Ved en Kranio-Sakral Terapi behandling af hunde arbejder jeg med b\u00e5de nervesystem, bindev\u00e6v, organer, knogler, muskler og led. Alt h\u00e6nger sammen. Ubalancer et sted har p\u00e5virkning andre steder i kroppen. Kranio-Sakral Terapiens generelle Historie Kranio-Sakral Terapi udspringer fra osteopatien og blev f\u00f8rst beskrevet af den amerikanske osteopat og &hellip; <\/p>\n","protected":false},"author":1,"featured_media":0,"parent":0,"menu_order":0,"comment_status":"closed","ping_status":"closed","template":"","meta":{"footnotes":""},"class_list":["post-94","page","type-page","status-publish","hentry"],"jetpack_sharing_enabled":true,"_links":{"self":[{"href":"https:\/\/doggierehab.dk\/index.php\/wp-json\/wp\/v2\/pages\/94","targetHints":{"allow":["GET"]}}],"collection":[{"href":"https:\/\/doggierehab.dk\/index.php\/wp-json\/wp\/v2\/pages"}],"about":[{"href":"https:\/\/doggierehab.dk\/index.php\/wp-json\/wp\/v2\/types\/page"}],"author":[{"embeddable":true,"href":"https:\/\/doggierehab.dk\/index.php\/wp-json\/wp\/v2\/users\/1"}],"replies":[{"embeddable":true,"href":"https:\/\/doggierehab.dk\/index.php\/wp-json\/wp\/v2\/comments?post=94"}],"version-history":[{"count":10,"href":"https:\/\/doggierehab.dk\/index.php\/wp-json\/wp\/v2\/pages\/94\/revisions"}],"predecessor-version":[{"id":279,"href":"https:\/\/doggierehab.dk\/index.php\/wp-json\/wp\/v2\/pages\/94\/revisions\/279"}],"wp:attachment":[{"href":"https:\/\/doggierehab.dk\/index.php\/wp-json\/wp\/v2\/media?parent=94"}],"curies":[{"name":"wp","href":"https:\/\/api.w.org\/{rel}","templated":true}]}}