{"id":289,"date":"2022-10-01T13:55:43","date_gmt":"2022-10-01T13:55:43","guid":{"rendered":"https:\/\/doggierehab.dk\/?page_id=289"},"modified":"2022-10-02T12:17:43","modified_gmt":"2022-10-02T12:17:43","slug":"priser","status":"publish","type":"page","link":"https:\/\/doggierehab.dk\/index.php\/priser\/","title":{"rendered":"Priser"},"content":{"rendered":"\n<p>Jeg afs\u00e6tter altid 1 1\/2 time af til det f\u00f8rste bes\u00f8g, da det tager tid at f\u00e5 overblik over dine forventninger, hundens udfordringer, eller blot afklare hvilket fokus der skal v\u00e6re. Indenfor den f\u00f8rste gang vil jeg sammen med dig gennemg\u00e5 din hund, se hvordan den bev\u00e6ger sig og m\u00e6rke hunden igennem. Jeg vil h\u00f8re hvordan du selv ser din hund, hvad du \u00f8nsker at hunden skal have ud af bes\u00f8get. <\/p>\n\n\n\n<p>N\u00e5r vi har gennemg\u00e5et hunden, talt sammen og jeg har set\/m\u00e6rket hunden igennem, s\u00e5 laver jeg en problemliste som vil blive afstemt med dine forventninger. <\/p>\n\n\n\n<p>Herefter laves aftale om opf\u00f8lgning. Det kan jo ogs\u00e5 v\u00e6re din hund ikke viser tegn p\u00e5 udfordringer og vi beh\u00f8ver s\u00e5 ikke et forl\u00f8b med opf\u00f8lgning. Men alt bliver gennemg\u00e5et ved f\u00f8rste m\u00f8de. Jeg har ogs\u00e5 brug for at vide om din hund har v\u00e6ret omkring dyrl\u00e6ge med eventuelle udfordringer, eller er blevet opereret for noget tidligere. <\/p>\n\n\n\n<p>Efter en behandling skal du forvente at din hund er tr\u00e6t og t\u00f8rstig. Jo \u00e6ldre din hund er, desto mere vil du opleve den sover meget efter behandling. Det er normalt og et tegn p\u00e5 at noget virker \ud83d\ude42 S\u00e5 bliv ikke bekymret hvis det sker.<\/p>\n\n\n\n<p>1. bes\u00f8g                                                                             kr. 495,00<\/p>\n\n\n\n<p>Opf\u00f8lgning ud fra problemliste  pr. gang       kr. 250,00<\/p>\n\n\n\n<p>Jeg bruger forskellige teknikker som bliver vurderet i forhold til hundens behov. Det betyder jeg v\u00e6lger den bedste teknik i forhold til lige netop din hund, derfor har jeg ikke priser kun for KST, massage (m\u00e5lrettet problemlisten), eller rehabilitering.<\/p>\n\n\n\n<p>Kun massage som har en varighed af ca. en time har sin egen pris hvis det ikke er i forbindelse med et forl\u00f8b her. <\/p>\n\n\n\n<p>Massage 1 time                                                             kr. 350 kr. (bare g\u00f8r opm\u00e6rksom p\u00e5 om du kun \u00f8nsker massage ved tidsbestillingen)<\/p>\n\n\n\n<p><\/p>\n\n\n\n<p><\/p>\n\n\n\n<p><\/p>\n","protected":false},"excerpt":{"rendered":"<p>Jeg afs\u00e6tter altid 1 1\/2 time af til det f\u00f8rste bes\u00f8g, da det tager tid at f\u00e5 overblik over dine forventninger, hundens udfordringer, eller blot afklare hvilket fokus der skal v\u00e6re. Indenfor den f\u00f8rste gang vil jeg sammen med dig gennemg\u00e5 din hund, se hvordan den bev\u00e6ger sig og m\u00e6rke hunden igennem. Jeg vil h\u00f8re &hellip; <\/p>\n","protected":false},"author":1,"featured_media":0,"parent":0,"menu_order":0,"comment_status":"closed","ping_status":"closed","template":"","meta":{"footnotes":""},"class_list":["post-289","page","type-page","status-publish","hentry"],"jetpack_sharing_enabled":true,"_links":{"self":[{"href":"https:\/\/doggierehab.dk\/index.php\/wp-json\/wp\/v2\/pages\/289","targetHints":{"allow":["GET"]}}],"collection":[{"href":"https:\/\/doggierehab.dk\/index.php\/wp-json\/wp\/v2\/pages"}],"about":[{"href":"https:\/\/doggierehab.dk\/index.php\/wp-json\/wp\/v2\/types\/page"}],"author":[{"embeddable":true,"href":"https:\/\/doggierehab.dk\/index.php\/wp-json\/wp\/v2\/users\/1"}],"replies":[{"embeddable":true,"href":"https:\/\/doggierehab.dk\/index.php\/wp-json\/wp\/v2\/comments?post=289"}],"version-history":[{"count":3,"href":"https:\/\/doggierehab.dk\/index.php\/wp-json\/wp\/v2\/pages\/289\/revisions"}],"predecessor-version":[{"id":323,"href":"https:\/\/doggierehab.dk\/index.php\/wp-json\/wp\/v2\/pages\/289\/revisions\/323"}],"wp:attachment":[{"href":"https:\/\/doggierehab.dk\/index.php\/wp-json\/wp\/v2\/media?parent=289"}],"curies":[{"name":"wp","href":"https:\/\/api.w.org\/{rel}","templated":true}]}}