{"id":139,"date":"2022-09-24T13:58:57","date_gmt":"2022-09-24T13:58:57","guid":{"rendered":"https:\/\/doggierehab.dk\/?page_id=139"},"modified":"2022-11-06T08:14:16","modified_gmt":"2022-11-06T08:14:16","slug":"handelsbetingelser","status":"publish","type":"page","link":"https:\/\/doggierehab.dk\/index.php\/handelsbetingelser\/","title":{"rendered":"Handelsbetingelser"},"content":{"rendered":"\n<p><strong>Vilk\u00e5r \u2013 Nedenst\u00e5ende salgs- og<br>leveringsbetingelser <\/strong>er g\u00e6ldende for handel hos Doggie Rehab<\/p>\n\n\n\n<p><strong>HANDELSBETINGELSER<\/strong><br>Oplysninger om Doggie Rehab\u00b4s webshop<\/p>\n\n\n\n<p>doggierehab.dk<br>Administration og klinik \u00d8dumvej 27, 8370 Hadsten<\/p>\n\n\n\n<p>Tlf.: +45 28782528 (er jeg optaget indtal venligst en besked)<br>Email:&nbsp;anettehoe@yahoo.dk<br>CVR: 27273971<br>Webshop URL:&nbsp;<a href=\"https:\/\/doggierehab.dk\" data-type=\"URL\" data-id=\"https:\/\/doggierehab.dk\">https:\/\/doggierehab.dk<\/a><br><strong><br><\/strong>Bank:<br>Doggie Rehab v\/ Anette Hoe Jessing<br>Bank: Nordea<br>Reg.: 2251 Konto.: <strong>4394117019<\/strong><br><\/p>\n\n\n\n<p><strong>Returvarer: <\/strong><\/p>\n\n\n\n<p>Ved reklamation skal varen sendes retur og returporto vil blive fratrukket det bel\u00f8b der tilbagebetales. Fodertilskud kan ikke sendes retur. <\/p>\n\n\n\n<p>Du har 14 dages fuld returret p\u00e5 de varer du har k\u00f8bt (g\u00e6lder dog ikke kosttilskud), og \u00f8nsker du at benytte dette, skal du sende til f\u00f8lgende adresse:<br>Doggie Rehab, \u00d8dumvej 27, 8370 Hadsten<\/p>\n\n\n\n<p>Vedl\u00e6g en kopi af faktura eller ordrebekr\u00e6ftelse, samt kontonummer pengene \u00f8nskes overf\u00f8rt til. \u2013 pengene returneres derefter til din konto.<\/p>\n\n\n\n<p><strong>Retur penge:<\/strong><br>Vi tilstr\u00e6ber at tilbagebetale dine penge s\u00e5 hurtigt som muligt \u2013 og ofte vil de v\u00e6re registreret p\u00e5 din konto efter 2-6 hverdage.<\/p>\n\n\n\n<p><strong>Leveringstid:<\/strong><br>Vi bruger DAO til forsendelse af vores pakker. Normal leveringstid 2-4 dage, men ved manglende leverance skal i kontakte os, s\u00e5 vil vi g\u00f8re alt for at spore jeres pakke og l\u00f8se det. <\/p>\n\n\n\n<p><strong>Lokal afhentning:<\/strong><br>Man kan hente varer i klinikken \u00d8dumvej 27, 8370 Hadsten. Du vil modtage en sms n\u00e5r pakken er klar til afhentning.  \u00d8nsker du pakken klargjort p\u00e5 en bestemt dag kan dette oplyses i besked feltet ved bestilling. <\/p>\n\n\n\n<p><strong>Udsolgte varer:<\/strong><br>Vi fors\u00f8ger at v\u00e6re foran og bestiller varer hjem inden de bliver udsolgte. Dog kan der forekomme enkelte undtagelser, i s\u00e5 fald vil vi skaffe varen hjem s\u00e5 hurtigt som overhovedet muligt.<\/p>\n\n\n\n<p><strong>Betalingsmetoder:<\/strong><\/p>\n\n\n\n<p>Der kommer senere mulighed for betaling med kreditkort.<\/p>\n\n\n\n<ul class=\"wp-block-list\">\n<li>Direkte bank overf\u00f8relse<\/li>\n\n\n\n<li>Mobilepay.<\/li>\n<\/ul>\n\n\n\n<p><strong>Sikkerhed:<\/strong><br>Ved betaling med betalingskort er du altid sikret mod misbrug. Du har ingen selvrisiko hvis dit kort skulle blive misbrugt i en online butik der benytter SSL (Secure Socket Layer) i sit betalingssystem. Data du sender i forbindelse med k\u00f8b betalt med betalingskort er krypteret (SSL), og det er derfor kun PBS der kan l\u00e6se dem. Hverken Indog.dk eller andre har mulighed for at l\u00e6se dem. Indog.dk kan ikke tr\u00e6kke flere penge p\u00e5 dit kort end dem du har bestilt varer for.\u00a0<\/p>\n\n\n\n<p>Husk altid at notere dit ordre nummer ved betaling. (G\u00e6lder kun ved betaling med mobilepay indtil vores betalingsl\u00f8sning er godkendt)<\/p>\n\n\n\n<p><strong>Reklamationsret:<\/strong><\/p>\n\n\n\n<p>Efter k\u00f8beloven gives der reklamationsret i 24 m\u00e5neder&nbsp;p\u00e5 alle varer. Dog ikke madvarer. Reklamationsretten betyder at du som kunde&nbsp;kan klage over fejl og mangler ved produktet, som er opst\u00e5et i op til 24&nbsp;m\u00e5neder efter k\u00f8bet. Det er dog en foruds\u00e6tning, at disse mangler ikke er&nbsp;opst\u00e5et som f\u00f8lge af fejlagtig brug af produktet, eller anden skadeforvoldende&nbsp;adf\u00e6rd, der har medf\u00f8rt manglen. <\/p>\n\n\n\n<p>Er varen beskadiget af enten hund eller dig som forbruger, s\u00e5 bortfalder reklamationsretten. <\/p>\n","protected":false},"excerpt":{"rendered":"<p>Vilk\u00e5r \u2013 Nedenst\u00e5ende salgs- ogleveringsbetingelser er g\u00e6ldende for handel hos Doggie Rehab HANDELSBETINGELSEROplysninger om Doggie Rehab\u00b4s webshop doggierehab.dkAdministration og klinik \u00d8dumvej 27, 8370 Hadsten Tlf.: +45 28782528 (er jeg optaget indtal venligst en besked)Email:&nbsp;anettehoe@yahoo.dkCVR: 27273971Webshop URL:&nbsp;https:\/\/doggierehab.dkBank:Doggie Rehab v\/ Anette Hoe JessingBank: NordeaReg.: 2251 Konto.: 4394117019 Returvarer: Ved reklamation skal varen sendes retur og returporto vil &hellip; <\/p>\n","protected":false},"author":1,"featured_media":0,"parent":0,"menu_order":0,"comment_status":"closed","ping_status":"closed","template":"","meta":{"footnotes":""},"class_list":["post-139","page","type-page","status-publish","hentry"],"jetpack_sharing_enabled":true,"_links":{"self":[{"href":"https:\/\/doggierehab.dk\/index.php\/wp-json\/wp\/v2\/pages\/139","targetHints":{"allow":["GET"]}}],"collection":[{"href":"https:\/\/doggierehab.dk\/index.php\/wp-json\/wp\/v2\/pages"}],"about":[{"href":"https:\/\/doggierehab.dk\/index.php\/wp-json\/wp\/v2\/types\/page"}],"author":[{"embeddable":true,"href":"https:\/\/doggierehab.dk\/index.php\/wp-json\/wp\/v2\/users\/1"}],"replies":[{"embeddable":true,"href":"https:\/\/doggierehab.dk\/index.php\/wp-json\/wp\/v2\/comments?post=139"}],"version-history":[{"count":4,"href":"https:\/\/doggierehab.dk\/index.php\/wp-json\/wp\/v2\/pages\/139\/revisions"}],"predecessor-version":[{"id":399,"href":"https:\/\/doggierehab.dk\/index.php\/wp-json\/wp\/v2\/pages\/139\/revisions\/399"}],"wp:attachment":[{"href":"https:\/\/doggierehab.dk\/index.php\/wp-json\/wp\/v2\/media?parent=139"}],"curies":[{"name":"wp","href":"https:\/\/api.w.org\/{rel}","templated":true}]}}