{"id":124,"date":"2022-09-24T09:25:16","date_gmt":"2022-09-24T09:25:16","guid":{"rendered":"https:\/\/doggierehab.dk\/?page_id=124"},"modified":"2022-09-27T19:22:03","modified_gmt":"2022-09-27T19:22:03","slug":"fysioterapi-rehabilitering","status":"publish","type":"page","link":"https:\/\/doggierehab.dk\/index.php\/fysioterapi-rehabilitering\/","title":{"rendered":"Fysioterapi\/Rehabilitering"},"content":{"rendered":"<div class=\"wp-block-image\">\n<figure class=\"alignleft size-large is-resized\"><img loading=\"lazy\" decoding=\"async\" src=\"https:\/\/doggierehab.dk\/wp-content\/uploads\/2022\/09\/191847680_10224394908073769_5964780179883580818_n-1024x768.jpg\" alt=\"\" class=\"wp-image-155\" width=\"329\" height=\"246\" srcset=\"https:\/\/doggierehab.dk\/wp-content\/uploads\/2022\/09\/191847680_10224394908073769_5964780179883580818_n-1024x768.jpg 1024w, https:\/\/doggierehab.dk\/wp-content\/uploads\/2022\/09\/191847680_10224394908073769_5964780179883580818_n-600x450.jpg 600w, https:\/\/doggierehab.dk\/wp-content\/uploads\/2022\/09\/191847680_10224394908073769_5964780179883580818_n-300x225.jpg 300w, https:\/\/doggierehab.dk\/wp-content\/uploads\/2022\/09\/191847680_10224394908073769_5964780179883580818_n-768x576.jpg 768w, https:\/\/doggierehab.dk\/wp-content\/uploads\/2022\/09\/191847680_10224394908073769_5964780179883580818_n-1320x990.jpg 1320w, https:\/\/doggierehab.dk\/wp-content\/uploads\/2022\/09\/191847680_10224394908073769_5964780179883580818_n.jpg 1440w\" sizes=\"auto, (max-width: 329px) 100vw, 329px\" \/><\/figure>\n<\/div>\n\n\n<p><\/p>\n\n\n\n<p><\/p>\n\n\n\n<p><\/p>\n\n\n\n<p><\/p>\n\n\n\n<p><\/p>\n\n\n\n<p><\/p>\n\n\n\n<p class=\"has-medium-font-size\"><strong>Hvorfor Fysioterapi til min hund?<\/strong><\/p>\n\n\n\n<p><br>\u2022 <strong>Dyrl\u00e6gens \u00f8nsker efter operation at:<\/strong><br>&#8211; Hunden er smertefri<br>&#8211; Hunden kommer sig hurtigt<br>&#8211; Normal funktion igen<br>&#8211; Veterin\u00e6r fysioterapi<\/p>\n\n\n\n<p><br>\u2022 <strong>Konservativ behandling af gigt patienter:<\/strong><br>\u2013 Smerte kontrol<br>\u2013 Vedligehold og opbygning af muskelmasse<br>\u2013 Led funktion<br>\u2013 Livskvalitet<br><br><strong>Overv\u00e6gtige patienter:<\/strong><br>&#8211; Di\u00e6t management og v\u00e6gttab<br>&#8211; Smerte<br>&#8211; Muskler og led<br>&#8211; Kardiovaskul\u00e6r tr\u00e6ning<br><br><strong>Sports og brugshunde:<\/strong><br>&#8211; Opvarmning<br>&#8211; Forebyggelse<br>&#8211; Muskler og led<br>&#8211; V\u00e6re i god form<br><\/p>\n\n\n\n<p>Alle disse faktorer hos de n\u00e6vnte patientgruper\/\u201dalm.\u201d hunde. <br>Det er fysioterapi<br><\/p>\n\n\n\n<p class=\"has-medium-font-size\"><strong>Derfor!<\/strong><\/p>\n","protected":false},"excerpt":{"rendered":"<p>Hvorfor Fysioterapi til min hund? \u2022 Dyrl\u00e6gens \u00f8nsker efter operation at:&#8211; Hunden er smertefri&#8211; Hunden kommer sig hurtigt&#8211; Normal funktion igen&#8211; Veterin\u00e6r fysioterapi \u2022 Konservativ behandling af gigt patienter:\u2013 Smerte kontrol\u2013 Vedligehold og opbygning af muskelmasse\u2013 Led funktion\u2013 Livskvalitet Overv\u00e6gtige patienter:&#8211; Di\u00e6t management og v\u00e6gttab&#8211; Smerte&#8211; Muskler og led&#8211; Kardiovaskul\u00e6r tr\u00e6ning Sports og brugshunde:&#8211; Opvarmning&#8211; &hellip; <\/p>\n","protected":false},"author":1,"featured_media":0,"parent":0,"menu_order":0,"comment_status":"closed","ping_status":"closed","template":"","meta":{"footnotes":""},"class_list":["post-124","page","type-page","status-publish","hentry"],"jetpack_sharing_enabled":true,"_links":{"self":[{"href":"https:\/\/doggierehab.dk\/index.php\/wp-json\/wp\/v2\/pages\/124","targetHints":{"allow":["GET"]}}],"collection":[{"href":"https:\/\/doggierehab.dk\/index.php\/wp-json\/wp\/v2\/pages"}],"about":[{"href":"https:\/\/doggierehab.dk\/index.php\/wp-json\/wp\/v2\/types\/page"}],"author":[{"embeddable":true,"href":"https:\/\/doggierehab.dk\/index.php\/wp-json\/wp\/v2\/users\/1"}],"replies":[{"embeddable":true,"href":"https:\/\/doggierehab.dk\/index.php\/wp-json\/wp\/v2\/comments?post=124"}],"version-history":[{"count":12,"href":"https:\/\/doggierehab.dk\/index.php\/wp-json\/wp\/v2\/pages\/124\/revisions"}],"predecessor-version":[{"id":285,"href":"https:\/\/doggierehab.dk\/index.php\/wp-json\/wp\/v2\/pages\/124\/revisions\/285"}],"wp:attachment":[{"href":"https:\/\/doggierehab.dk\/index.php\/wp-json\/wp\/v2\/media?parent=124"}],"curies":[{"name":"wp","href":"https:\/\/api.w.org\/{rel}","templated":true}]}}