{"id":100,"date":"2022-09-23T12:35:34","date_gmt":"2022-09-23T12:35:34","guid":{"rendered":"https:\/\/doggierehab.dk\/?page_id=100"},"modified":"2023-06-02T13:14:26","modified_gmt":"2023-06-02T13:14:26","slug":"massage","status":"publish","type":"page","link":"https:\/\/doggierehab.dk\/index.php\/massage\/","title":{"rendered":"Massage"},"content":{"rendered":"<div class=\"wp-block-image\">\n<figure class=\"alignleft size-large is-resized\"><img loading=\"lazy\" decoding=\"async\" src=\"https:\/\/doggierehab.dk\/wp-content\/uploads\/2022\/09\/194375665_658209358359313_6422131643229347253_n-1-572x1024.jpg\" alt=\"\" class=\"wp-image-103\" width=\"117\" height=\"209\" srcset=\"https:\/\/doggierehab.dk\/wp-content\/uploads\/2022\/09\/194375665_658209358359313_6422131643229347253_n-1-572x1024.jpg 572w, https:\/\/doggierehab.dk\/wp-content\/uploads\/2022\/09\/194375665_658209358359313_6422131643229347253_n-1-scaled-600x1075.jpg 600w, https:\/\/doggierehab.dk\/wp-content\/uploads\/2022\/09\/194375665_658209358359313_6422131643229347253_n-1-167x300.jpg 167w, https:\/\/doggierehab.dk\/wp-content\/uploads\/2022\/09\/194375665_658209358359313_6422131643229347253_n-1-768x1376.jpg 768w, https:\/\/doggierehab.dk\/wp-content\/uploads\/2022\/09\/194375665_658209358359313_6422131643229347253_n-1-857x1536.jpg 857w, https:\/\/doggierehab.dk\/wp-content\/uploads\/2022\/09\/194375665_658209358359313_6422131643229347253_n-1-1143x2048.jpg 1143w, https:\/\/doggierehab.dk\/wp-content\/uploads\/2022\/09\/194375665_658209358359313_6422131643229347253_n-1-1320x2365.jpg 1320w, https:\/\/doggierehab.dk\/wp-content\/uploads\/2022\/09\/194375665_658209358359313_6422131643229347253_n-1-scaled.jpg 1429w\" sizes=\"auto, (max-width: 117px) 100vw, 117px\" \/><figcaption class=\"wp-element-caption\">Massage og en afslappet \u00e6ldre hund<\/figcaption><\/figure>\n<\/div>\n\n\n<h2 class=\"wp-block-heading has-medium-font-size\" id=\"massagens-effekt-i-kroppen\"><strong>Massagens effekt i kroppen<\/strong><\/h2>\n\n\n\n<p>Ved ber\u00f8ring reduceres stresshormoner i kroppen, og dette kan s\u00e6nke blodtrykket. Hunden kan f\u00e5 langsommere vejrtr\u00e6kning, og tarmsystemet kan \u00f8ge i aktivitet, hvilket betyder, at hunden ofte skal urinere eller t\u00f8mme tarmen umiddelbart efter massagen. Massage kan ogs\u00e5 bidrage til at frig\u00f8re endorfiner, der anses som v\u00e6rende kroppens egen naturlige smertelindring. Mange hunde nyder massage, og det kan samtidig ogs\u00e5 hj\u00e6lpe med at mindske stress, uro og ubehag.<\/p>\n\n\n\n<p><\/p>\n\n\n\n<p>Positive effekter af massage, er:<\/p>\n\n\n\n<ul class=\"wp-block-list\">\n<li>\u00d8get blodcirkulation, der bidrager til at ilt og n\u00e6ringsstoffer kan transporteres effektivt til kroppens v\u00e6v<\/li>\n\n\n\n<li>Muskler og sener kan blive mere elastiske gennem massage og kan, i kombination med udstr\u00e6kning, ogs\u00e5 bibeholde eller forbedre leddenes bev\u00e6gelsesomfang<\/li>\n\n\n\n<li>Muskulaturen bliver normalt bl\u00f8d og afslappet gennem massage<\/li>\n\n\n\n<li>Blodtrykket kan s\u00e6nkes ved at blodkarrene udvides<\/li>\n\n\n\n<li>Massage \u00f8ger lymfecirkulationen<\/li>\n\n\n\n<li>Massage kan resultere i bedre pels ved at \u00f8ge blodcirkulationen<\/li>\n<\/ul>\n\n\n\n<h2 class=\"wp-block-heading has-medium-font-size\" id=\"hvornar-er-massage-hensigtsm\u00e6ssigt\">Hvorn\u00e5r er massage hensigtsm\u00e6ssigt?<\/h2>\n\n\n\n<ul class=\"wp-block-list\">\n<li>Ved muskelsp\u00e6ndinger<\/li>\n\n\n\n<li>Ved tr\u00e6nings\u00f8mhed og smerter<\/li>\n\n\n\n<li>D\u00e5rlig cirkulation og deraf f\u00f8lgende h\u00e6velse<\/li>\n\n\n\n<li>Opvarmning inden udstr\u00e6kning<\/li>\n\n\n\n<li>For at modvirke stress<\/li>\n\n\n\n<li>P\u00e5 arv\u00e6v<\/li>\n\n\n\n<li>Ved stivhed og nedsat bev\u00e6gelighed<\/li>\n\n\n\n<li>Ved ledsmerter<\/li>\n\n\n\n<li>For at forbedre forholdet mellem ejer og hund<\/li>\n\n\n\n<li>Hvis hunden har&nbsp;<a href=\"https:\/\/www.anicura.dk\/fakta-og-rad\/hund\/gigt-hos-hund\/\">artrose<\/a>&nbsp;(gigt)<\/li>\n<\/ul>\n\n\n\n<h2 class=\"wp-block-heading has-medium-font-size\" id=\"hvornar-b\u00f8r-massage-undgas\">Hvorn\u00e5r b\u00f8r massage undg\u00e5s?<\/h2>\n\n\n\n<ul class=\"wp-block-list\">\n<li>Ved feber, infektioner eller inflammationer<\/li>\n\n\n\n<li>Hvis hunden har s\u00e5r og \/ eller bl\u00f8dninger<\/li>\n\n\n\n<li>I tilf\u00e6lde af eksem eller andre hudsygdomme, der for\u00e5rsager skr\u00f8belig eller beskadiget hud<\/li>\n\n\n\n<li>Ved dr\u00e6gtighed<\/li>\n\n\n\n<li>I forbindelse med akutte muskel- eller knogleskader<\/li>\n\n\n\n<li>Hvis hunden har en afvigende smertet\u00e6rskel<\/li>\n\n\n\n<li>Ved generel nedsat almentilstand<\/li>\n\n\n\n<li>I tilf\u00e6lde af kr\u00e6ftsygdomme<\/li>\n\n\n\n<li>Ved smitsomme sygdomme<\/li>\n<\/ul>\n","protected":false},"excerpt":{"rendered":"<p>Massagens effekt i kroppen Ved ber\u00f8ring reduceres stresshormoner i kroppen, og dette kan s\u00e6nke blodtrykket. Hunden kan f\u00e5 langsommere vejrtr\u00e6kning, og tarmsystemet kan \u00f8ge i aktivitet, hvilket betyder, at hunden ofte skal urinere eller t\u00f8mme tarmen umiddelbart efter massagen. Massage kan ogs\u00e5 bidrage til at frig\u00f8re endorfiner, der anses som v\u00e6rende kroppens egen naturlige smertelindring. &hellip; <\/p>\n","protected":false},"author":1,"featured_media":0,"parent":0,"menu_order":0,"comment_status":"closed","ping_status":"closed","template":"","meta":{"footnotes":""},"class_list":["post-100","page","type-page","status-publish","hentry"],"jetpack_sharing_enabled":true,"_links":{"self":[{"href":"https:\/\/doggierehab.dk\/index.php\/wp-json\/wp\/v2\/pages\/100","targetHints":{"allow":["GET"]}}],"collection":[{"href":"https:\/\/doggierehab.dk\/index.php\/wp-json\/wp\/v2\/pages"}],"about":[{"href":"https:\/\/doggierehab.dk\/index.php\/wp-json\/wp\/v2\/types\/page"}],"author":[{"embeddable":true,"href":"https:\/\/doggierehab.dk\/index.php\/wp-json\/wp\/v2\/users\/1"}],"replies":[{"embeddable":true,"href":"https:\/\/doggierehab.dk\/index.php\/wp-json\/wp\/v2\/comments?post=100"}],"version-history":[{"count":10,"href":"https:\/\/doggierehab.dk\/index.php\/wp-json\/wp\/v2\/pages\/100\/revisions"}],"predecessor-version":[{"id":566,"href":"https:\/\/doggierehab.dk\/index.php\/wp-json\/wp\/v2\/pages\/100\/revisions\/566"}],"wp:attachment":[{"href":"https:\/\/doggierehab.dk\/index.php\/wp-json\/wp\/v2\/media?parent=100"}],"curies":[{"name":"wp","href":"https:\/\/api.w.org\/{rel}","templated":true}]}}